{"id":17,"date":"2014-07-26T19:41:51","date_gmt":"2014-07-26T17:41:51","guid":{"rendered":"http:\/\/www.frameless-muenchen.de\/?page_id=17"},"modified":"2024-06-12T22:11:36","modified_gmt":"2024-06-12T20:11:36","slug":"about","status":"publish","type":"page","link":"https:\/\/www.frameless-muenchen.de\/?page_id=17","title":{"rendered":"konzept"},"content":{"rendered":"<p><span style=\"font-size: 12pt;\"><strong>Eine Reihe zur experimentellen Musik im digitalen Zeitalter<\/strong><\/span><br \/>\n<span style=\"font-size: 12pt;\"> Die Reihe <em>frameless<\/em> zeigt neue Ans\u00e4tze experimenteller Musik, die sich mit den ver\u00e4nderten Lebensbedingungen im digitalen Zeitalter auseinandersetzen.<\/span><br \/>\n<span style=\"font-size: 12pt;\"> Digitalisierung erfasst immer neue Lebensbereiche, durchdringt unseren Alltag und pr\u00e4gt unsere Kultur. Auch wenn das Digitale sein einstiges utopisches Potential eingeb\u00fc\u00dft hat, sind der Einfluss und die Abh\u00e4ngigkeit von digitalen Technologien in unserer Gegenwart beispiellos und stellen uns vor neue Herausforderungen.<\/span><br \/>\n<span style=\"font-size: 12pt;\"> Vor diesem Hintergrund haben Entwicklungen der elektronischen Musik und der Medienkunst eine neue Generation von K\u00fcnstlerinnen und K\u00fcnstlern hervorgebracht, die sich auf experimentelle Weise mit der gesellschaftlichen Relevanz des Digitalen befassen und danach fragen, was Musik im digitalen Zeitalter ist oder sein kann. Diese Auseinandersetzung kann sich in einer Hingebung an das Digitale oder einer Ablehnung gestalten, oder noch wichtiger: eine Differenzierung vornehmen.<\/span><br \/>\n<span style=\"font-size: 12pt;\"> Mit neuen Tendenzen auditiver Kunst m\u00f6chte <em>frameless<\/em> sich den pr\u00e4genden Gegens\u00e4tzen widmen, die unser Leben unter digitalen Bedingungen bestimmen und eine inhaltliche Auseinandersetzung damit anregen, was die Digitalisierung immer neuer Lebensbereiche gesellschaftlich bedeutet.<\/span><\/p>\n<p><span style=\"font-size: 12pt;\"><strong>a series on experimental music in the digital age<\/strong><\/span><br \/>\n<span style=\"font-size: 12pt;\"> The series is devoted to new approaches in experimental music that cope with how our living conditions are changing in the digital age.<\/span><br \/>\n<span style=\"font-size: 12pt;\"> Digitization is a concern for more and more aspects of life, it infuses our daily routine and coins our culture. Even if digital processes lost most of the utopic potential they were once awarded with, the influence of and the dependence on digital technologies are unmatched in our present times and impose new challenges upon us.<\/span><br \/>\n<span style=\"font-size: 12pt;\"> Against this background, developments in electronic music and media art have put forth a new generation of artists. They deal with the social relevance of the digital in an experimental way. They question what music is in the digital age and what it can be. This involvement can result in a devotion to the digital or a refusal \u2013 or more importantly: it can bring forth its complex facets.<\/span><br \/>\n<span style=\"font-size: 12pt;\"> The series aims at showing new tendencies in auditory art and at analyzing the coining contrasts that define our life under digital circumstances. At the end, it\u2019s about a substantial debate on what digitization means in social and cultural terms.<\/span><\/p>\n<p>&nbsp;<\/p>\n<p><span style=\"font-size: 12pt;\">Ein Projekt von Karin Zwack (Hauptveranstalterin).<\/span><br \/>\n<span style=\"font-size: 12pt;\">Gef\u00f6rdert durch das Kulturreferat der Landeshauptstadt M\u00fcnchen.<\/span><\/p>\n<p>&nbsp;<\/p>\n<p><img loading=\"lazy\" decoding=\"async\" class=\"alignleft wp-image-48 size-full\" src=\"http:\/\/www.frameless-muenchen.de\/wp-content\/uploads\/2014\/07\/projekt_gefoerdert1.png\" alt=\"\" width=\"172\" height=\"62\" \/><\/p>\n<p>&nbsp;<\/p>\n<p>&nbsp;<\/p>\n<p>&nbsp;<\/p>\n<p>pr\u00e4sentiert von<br \/>\n<a href=\"http:\/\/www.curt.de\/muenchen\" target=\"_blank\" rel=\"noopener noreferrer\"><img loading=\"lazy\" decoding=\"async\" class=\"wp-image-191 alignnone\" src=\"http:\/\/www.frameless-muenchen.de\/wp-content\/uploads\/2014\/07\/CURT.jpg\" alt=\"\" width=\"69\" height=\"20\" \/><\/a><\/p>\n","protected":false},"excerpt":{"rendered":"<p>Eine Reihe zur experimentellen Musik im digitalen Zeitalter Die Reihe frameless zeigt neue Ans\u00e4tze experimenteller Musik, die sich mit den ver\u00e4nderten Lebensbedingungen im digitalen Zeitalter auseinandersetzen. Digitalisierung erfasst immer neue Lebensbereiche, durchdringt unseren Alltag und pr\u00e4gt unsere Kultur. Auch wenn das Digitale sein einstiges utopisches Potential eingeb\u00fc\u00dft hat, sind der Einfluss und die Abh\u00e4ngigkeit von&#8230;<\/p>\n","protected":false},"author":1,"featured_media":0,"parent":0,"menu_order":0,"comment_status":"closed","ping_status":"closed","template":"","meta":{"footnotes":"","_links_to":"","_links_to_target":""},"class_list":["post-17","page","type-page","status-publish","hentry"],"_links":{"self":[{"href":"https:\/\/www.frameless-muenchen.de\/index.php?rest_route=\/wp\/v2\/pages\/17","targetHints":{"allow":["GET"]}}],"collection":[{"href":"https:\/\/www.frameless-muenchen.de\/index.php?rest_route=\/wp\/v2\/pages"}],"about":[{"href":"https:\/\/www.frameless-muenchen.de\/index.php?rest_route=\/wp\/v2\/types\/page"}],"author":[{"embeddable":true,"href":"https:\/\/www.frameless-muenchen.de\/index.php?rest_route=\/wp\/v2\/users\/1"}],"replies":[{"embeddable":true,"href":"https:\/\/www.frameless-muenchen.de\/index.php?rest_route=%2Fwp%2Fv2%2Fcomments&post=17"}],"version-history":[{"count":45,"href":"https:\/\/www.frameless-muenchen.de\/index.php?rest_route=\/wp\/v2\/pages\/17\/revisions"}],"predecessor-version":[{"id":1209,"href":"https:\/\/www.frameless-muenchen.de\/index.php?rest_route=\/wp\/v2\/pages\/17\/revisions\/1209"}],"wp:attachment":[{"href":"https:\/\/www.frameless-muenchen.de\/index.php?rest_route=%2Fwp%2Fv2%2Fmedia&parent=17"}],"curies":[{"name":"wp","href":"https:\/\/api.w.org\/{rel}","templated":true}]}}